{"id":28752,"date":"2023-10-23T09:33:04","date_gmt":"2023-10-23T09:33:04","guid":{"rendered":"https:\/\/www.etnatherm.com\/product\/sicaklik-izleme\/"},"modified":"2023-10-23T09:33:04","modified_gmt":"2023-10-23T09:33:04","slug":"sicaklik-izleme","status":"publish","type":"product","link":"https:\/\/www.etnatherm.com\/tr\/urun\/sicaklik-izleme\/","title":{"rendered":"S\u0131cakl\u0131k izleme"},"content":{"rendered":"<h3>Teknik \u00f6zellikler<\/h3>\n<table>\n<thead>\n<tr>\n<th>\u00d6zellik<\/th>\n<th>Konum<\/th>\n<\/tr>\n<\/thead>\n<tbody>\n<tr>\n<td>S\u0131cakl\u0131k kontrol\u00f6r\u00fc<\/td>\n<td>Evet<\/td>\n<\/tr>\n<tr>\n<td>Termal sens\u00f6r<\/td>\n<td>Evet<\/td>\n<\/tr>\n<tr>\n<td>S\u0131cakl\u0131k izleme<\/td>\n<td>Evet<\/td>\n<\/tr>\n<tr>\n<td>Akustik uyar\u0131 sistemi<\/td>\n<td>Evet<\/td>\n<\/tr>\n<tr>\n<td>I\u015f\u0131k uyar\u0131 sistemi<\/td>\n<td>Evet<\/td>\n<\/tr>\n<\/tbody>\n<\/table>\n<div class=\"ld-fancy-heading mask-text ld_fancy_heading_65363cb676112\">\n<div class=\"split-unit lqd-lines lqd-unit-animation-done\"><\/div>\n<\/div>\n<div id=\"ld_icon_box_65363cb676856\" class=\"iconbox iconbox-side text-align-default ld_icon_box_65363cb676856 vc_custom_1624835329251 lqd-unit-animation-done\" data-animate-icon=\"true\">\n<p class=\"font-weight-semibold\">T\u00fcm elektrikli ve elektronik bile\u015fenler i\u00e7in 1 y\u0131l.<\/p>\n<\/div>\n<p><span class=\"btn-txt\" data-text=\"Bedienungsanleitung\">Kullan\u0131m k\u0131lavuzu<\/span><\/p>\n<div class=\"lqd-css-sticky-wrap w-100 pos-rel\">\n<div class=\"lqd-css-sticky-wrap-inner w-100 h-200 pos-abs pos-tl\">\n<section class=\"vc_row liquid-row-responsive-65363cb67a14c liquid-row-shadowbox-65363cb67a18b lqd-css-sticky\">\n<div class=\"ld-container container\">\n<div class=\"row ld-row ld-row-outer\">\n<div class=\"wpb_column vc_column_container vc_col-sm-12 liquid-column-65363cb67ac5e\">\n<div class=\"vc_column-inner \">\n<div class=\"wpb_wrapper\">\n<div class=\"wpb_text_column wpb_content_element \">\n<div class=\"wpb_wrapper\">\n<p><em>ET serisinin baca montaj\u0131 i\u00e7in se\u00e7enekler<\/em><\/p>\n<\/div>\n<\/div>\n<\/div>\n<\/div>\n<\/div>\n<\/div>\n<\/div>\n<\/section>\n<\/div>\n<\/div>\n<section class=\"vc_row vc_custom_1674653702290 liquid-row-shadowbox-65363cb67be42\">\n<div class=\"ld-container container\">\n<div class=\"row ld-row ld-row-outer\">\n<div class=\"wpb_column vc_column_container vc_col-sm-6 liquid-column-65363cb67c926\">\n<div class=\"vc_column-inner \">\n<div class=\"wpb_wrapper\">\n<div class=\"wpb_text_column wpb_content_element vc_custom_1678358449261\">\n<div class=\"wpb_wrapper\">\n<h4>1. EGZOZ HAVASI &#8211; KURULUM<\/h4>\n<p>&nbsp;<\/p>\n<\/div>\n<\/div>\n<div id=\"ld_images_group_element_65363cb67d042\" class=\"lqd-imggrp-single ld_images_group_element_65363cb67d042\">\n<div class=\"lqd-imggrp-img-container block-revealer element-uncovered revealing-ended\" data-reveal=\"true\" data-reveal-options=\"{\"direction\":\"tb\",\"bgcolor\":\"\",\"delay\":\"\"}\">\n<figure class=\"loaded\"><img fetchpriority=\"high\" decoding=\"async\" class=\"attachment-full ld-lazyload entered loaded\" src=\"https:\/\/www.etnatherm.com\/wp-content\/uploads\/2023\/02\/LUFTUNG-INSTALLATION.jpg\" sizes=\"(max-width: 910px) 100vw, 910px\" srcset=\"https:\/\/www.etnatherm.com\/wp-content\/uploads\/2023\/02\/LUFTUNG-INSTALLATION.jpg 910w, https:\/\/www.etnatherm.com\/wp-content\/uploads\/2023\/02\/LUFTUNG-INSTALLATION-300x284.jpg 300w\" alt=\"HAVALANDIRMA TESISATI\" width=\"320\" height=\"302\" data-src=\"https:\/\/www.etnatherm.com\/wp-content\/uploads\/2023\/02\/LUFTUNG-INSTALLATION.jpg\" data-srcset=\"https:\/\/www.etnatherm.com\/wp-content\/uploads\/2023\/02\/LUFTUNG-INSTALLATION.jpg 910w, https:\/\/www.etnatherm.com\/wp-content\/uploads\/2023\/02\/LUFTUNG-INSTALLATION-300x284.jpg 300w\" data-sizes=\"(max-width: 910px) 100vw, 910px\" data-aspect=\"1.0581395348837\" data-ll-status=\"loaded\"><\/figure>\n<div class=\"block-revealer__element\"><\/div>\n<\/div>\n<\/div>\n<\/div>\n<\/div>\n<\/div>\n<div class=\"wpb_column vc_column_container vc_col-sm-6 liquid-column-65363cb684e5f\">\n<div class=\"vc_column-inner vc_custom_1674654826509\">\n<div class=\"wpb_wrapper\">\n<div class=\"wpb_text_column wpb_content_element \">\n<div class=\"wpb_wrapper\">\n<p>Ayr\u0131nt\u0131l\u0131 talimatlar i\u00e7in <a href=\"http:\/\/www.etnatherm.com\/wp-content\/uploads\/2023\/01\/LUFTUNG-INSTALLATION.pdf\">buraya<\/a> t\u0131klay\u0131n. Kurulumlarla ilgili herhangi bir sorunuz varsa, l\u00fctfen<\/p>\n<p>Bizimle istedi\u011finiz zaman ileti\u015fime ge\u00e7ebilirsiniz.<\/p>\n<p>&nbsp;<\/p>\n<\/div>\n<\/div>\n<\/div>\n<\/div>\n<\/div>\n<\/div>\n<\/div>\n<\/section>\n<section class=\"vc_row vc_custom_1674653702290 liquid-row-shadowbox-65363cb68591f\">\n<div class=\"ld-container container\">\n<div class=\"row ld-row ld-row-outer\">\n<div class=\"wpb_column vc_column_container vc_col-sm-6 liquid-column-65363cb686214\">\n<div class=\"vc_column-inner \">\n<div class=\"wpb_wrapper\">\n<div class=\"wpb_text_column wpb_content_element vc_custom_1678358470566\">\n<div class=\"wpb_wrapper\">\n<h4>2. ASPIRAT\u00d6R KAPUTU &#8211; KURULUM<\/h4>\n<\/div>\n<\/div>\n<div id=\"ld_images_group_element_65363cb6867ce\" class=\"lqd-imggrp-single ld_images_group_element_65363cb6867ce\">\n<div class=\"lqd-imggrp-img-container block-revealer element-uncovered revealing-ended\" data-reveal=\"true\" data-reveal-options=\"{\"direction\":\"tb\",\"bgcolor\":\"\",\"delay\":\"\"}\">\n<figure class=\"loaded\"><img decoding=\"async\" class=\"attachment-full ld-lazyload entered loaded\" src=\"https:\/\/www.etnatherm.com\/wp-content\/uploads\/2023\/02\/PADDLE-BOX-INSTALLATION.jpg\" sizes=\"(max-width: 959px) 100vw, 959px\" srcset=\"https:\/\/www.etnatherm.com\/wp-content\/uploads\/2023\/02\/PADDLE-BOX-INSTALLATION.jpg 959w, https:\/\/www.etnatherm.com\/wp-content\/uploads\/2023\/02\/PADDLE-BOX-INSTALLATION-300x266.jpg 300w\" alt=\"K\u00dcREK KUTUSU KURULUMU\" width=\"320\" height=\"283\" data-src=\"https:\/\/www.etnatherm.com\/wp-content\/uploads\/2023\/02\/PADDLE-BOX-INSTALLATION.jpg\" data-srcset=\"https:\/\/www.etnatherm.com\/wp-content\/uploads\/2023\/02\/PADDLE-BOX-INSTALLATION.jpg 959w, https:\/\/www.etnatherm.com\/wp-content\/uploads\/2023\/02\/PADDLE-BOX-INSTALLATION-300x266.jpg 300w\" data-sizes=\"(max-width: 959px) 100vw, 959px\" data-aspect=\"1.1295641931684\" data-ll-status=\"loaded\"><\/figure>\n<div class=\"block-revealer__element\"><\/div>\n<\/div>\n<\/div>\n<\/div>\n<\/div>\n<\/div>\n<div class=\"wpb_column vc_column_container vc_col-sm-6 liquid-column-65363cb68c333\">\n<div class=\"vc_column-inner vc_custom_1674654826509\">\n<div class=\"wpb_wrapper\">\n<div class=\"wpb_text_column wpb_content_element \">\n<div class=\"wpb_wrapper\">\n<p>Ayr\u0131nt\u0131l\u0131 talimatlar i\u00e7in <a href=\"http:\/\/www.etnatherm.com\/wp-content\/uploads\/2023\/01\/PADDLE-BOX-INSTALLATION.pdf\">buraya<\/a> t\u0131klay\u0131n. Kurulumlarla ilgili herhangi bir sorunuz varsa, istedi\u011finiz zaman bizimle ileti\u015fime ge\u00e7ebilirsiniz.<\/p>\n<p>&nbsp;<\/p>\n<\/div>\n<\/div>\n<\/div>\n<\/div>\n<\/div>\n<\/div>\n<\/div>\n<\/section>\n<section id=\"orderform\" class=\"vc_row liquid-row-shadowbox-65363cb68cd53 ca-initvalues-applied lqd-animations-done\" data-custom-animations=\"true\" data-ca-options=\"{\"triggerHandler\":\"inview\",\"animationTarget\":\".wpb_column\",\"duration\":1600,\"delay\":250,\"ease\":\"power4.out\",\"direction\":\"forward\",\"initValues\":{\"opacity\":0,\"scale\":0.75},\"animations\":{\"opacity\":1,\"scale\":1}}\">\n<div class=\"ld-container container\">\n<div class=\"row ld-row ld-row-outer\">\n<div class=\"wpb_column vc_column_container vc_col-sm-12 liquid-column-65363cb68d37e liquid-column-responsive-65363cb68d381 vc_col-has-fill lqd-unit-animation-done\">\n<div class=\"vc_column-inner vc_custom_1624869339629\">\n<div class=\"wpb_wrapper\">\n<div class=\"vc_row vc_inner vc_row-fluid liquid-row-responsive-65363cb68d79e liquid-row-shadowbox-65363cb68d7be\">\n<div class=\"ld-container container-fluid\">\n<div class=\"row ld-row ld-row-inner\">\n<div class=\"wpb_column vc_column_container vc_col-sm-6 liquid-column-65363cb68dd67 lqd-unit-animation-done\">\n<div class=\"vc_column-inner \">\n<div class=\"wpb_wrapper\">\n<div class=\"ld-fancy-heading ld_fancy_heading_65363cb68dfac\">\n<p class=\"ld-fh-element lqd-highlight-underline lqd-highlight-grow-left text-decoration-default\"><strong>\u0130lgileniyor musunuz?<\/strong><\/p>\n<\/div>\n<\/div>\n<\/div>\n<\/div>\n<div class=\"wpb_column vc_column_container vc_col-sm-6 liquid-column-65363cb68f8bb lqd-unit-animation-done\">\n<div class=\"vc_column-inner \">\n<div class=\"wpb_wrapper\">\n<div class=\"ld-fancy-heading ld_fancy_heading_65363cb68fc86\">\n<p class=\"ld-fh-element lqd-highlight-underline lqd-highlight-grow-left text-decoration-default\">\u00dcr\u00fcnle ilgileniyor musunuz?<\/p>\n<p class=\"ld-fh-element lqd-highlight-underline lqd-highlight-grow-left text-decoration-default\">Bize bir mesaj g\u00f6nderin.<\/p>\n<p class=\"ld-fh-element lqd-highlight-underline lqd-highlight-grow-left text-decoration-default\">Size m\u00fcmk\u00fcn olan en k\u0131sa s\u00fcrede geri d\u00f6n\u00fc\u015f yapaca\u011f\u0131z.<\/p>\n<\/div>\n<div class=\"wpforms-container wpforms-container-full\" id=\"wpforms-28330\"><form id=\"wpforms-form-28330\" class=\"wpforms-validate wpforms-form wpforms-ajax-form\" data-formid=\"28330\" method=\"post\" enctype=\"multipart\/form-data\" action=\"\/tr\/wp-json\/wp\/v2\/product\/28752\" data-token=\"5fe694b8584f3dedf9e19003b1e19dd9\"><noscript class=\"wpforms-error-noscript\">Bu formu bitirebilmek i\u00e7in taray\u0131c\u0131n\u0131zda JavaScript&#039;i etkinle\u015ftirin.<\/noscript><div class=\"wpforms-field-container\"><div id=\"wpforms-28330-field_1-container\" class=\"wpforms-field wpforms-field-layout\" data-field-id=\"1\"><label class=\"wpforms-field-label wpforms-label-hide\" for=\"wpforms-28330-field_1\">Layout<\/label><div class=\"wpforms-field-layout-columns wpforms-field-layout-preset-50-50\"><div class=\"wpforms-layout-column wpforms-layout-column-50\"><div id=\"wpforms-28330-field_2-container\" class=\"wpforms-field wpforms-field-name\" data-field-id=\"2\"><label class=\"wpforms-field-label\" for=\"wpforms-28330-field_2\">Ihr Name<\/label><input type=\"text\" id=\"wpforms-28330-field_2\" class=\"wpforms-field-medium\" name=\"wpforms[fields][2]\" ><\/div><div id=\"wpforms-28330-field_4-container\" class=\"wpforms-field wpforms-field-email\" data-field-id=\"4\"><label class=\"wpforms-field-label\" for=\"wpforms-28330-field_4\">Ihre E-Mail Adresse <span class=\"wpforms-required-label\">*<\/span><\/label><input type=\"email\" id=\"wpforms-28330-field_4\" class=\"wpforms-field-medium wpforms-field-required\" name=\"wpforms[fields][4]\" required><\/div><div id=\"wpforms-28330-field_6-container\" class=\"wpforms-field wpforms-field-text\" data-field-id=\"6\"><label class=\"wpforms-field-label\" for=\"wpforms-28330-field_6\">Stadt\/Land<\/label><input type=\"text\" id=\"wpforms-28330-field_6\" class=\"wpforms-field-medium\" name=\"wpforms[fields][6]\" ><\/div><div id=\"wpforms-28330-field_9-container\" class=\"wpforms-field wpforms-field-payment-checkbox\" data-field-id=\"9\"><label class=\"wpforms-field-label\" for=\"wpforms-28330-field_9\">Andere Produkte, an denen Sie interessiert sind<\/label><ul id=\"wpforms-28330-field_9\"><li class=\"choice-3\"><input type=\"checkbox\" id=\"wpforms-28330-field_9_3\" class=\"wpforms-payment-price\" data-amount=\"0.00\" name=\"wpforms[fields][9][]\" value=\"3\"  ><label class=\"wpforms-field-label-inline\" for=\"wpforms-28330-field_9_3\">ET \u2013 Series<\/label><\/li><li class=\"choice-4\"><input type=\"checkbox\" id=\"wpforms-28330-field_9_4\" class=\"wpforms-payment-price\" data-amount=\"0.00\" name=\"wpforms[fields][9][]\" value=\"4\"  ><label class=\"wpforms-field-label-inline\" for=\"wpforms-28330-field_9_4\">Temperatur\u00fcberwachung<\/label><\/li><li class=\"choice-5\"><input type=\"checkbox\" id=\"wpforms-28330-field_9_5\" class=\"wpforms-payment-price\" data-amount=\"0.00\" name=\"wpforms[fields][9][]\" value=\"5\"  ><label class=\"wpforms-field-label-inline\" for=\"wpforms-28330-field_9_5\">Motorisiertes Absaugsystem<\/label><\/li><li class=\"choice-6\"><input type=\"checkbox\" id=\"wpforms-28330-field_9_6\" class=\"wpforms-payment-price\" data-amount=\"0.00\" name=\"wpforms[fields][9][]\" value=\"6\"  ><label class=\"wpforms-field-label-inline\" for=\"wpforms-28330-field_9_6\">Schaufel<\/label><\/li><li class=\"choice-7\"><input type=\"checkbox\" id=\"wpforms-28330-field_9_7\" class=\"wpforms-payment-price\" data-amount=\"0.00\" name=\"wpforms[fields][9][]\" value=\"7\"  ><label class=\"wpforms-field-label-inline\" for=\"wpforms-28330-field_9_7\">Gussrost<\/label><\/li><\/ul><\/div><\/div><div class=\"wpforms-layout-column wpforms-layout-column-50\"><div id=\"wpforms-28330-field_3-container\" class=\"wpforms-field wpforms-field-name\" data-field-id=\"3\"><label class=\"wpforms-field-label\" for=\"wpforms-28330-field_3\">Firmenname<\/label><input type=\"text\" id=\"wpforms-28330-field_3\" class=\"wpforms-field-medium\" name=\"wpforms[fields][3]\" ><\/div><div id=\"wpforms-28330-field_5-container\" class=\"wpforms-field wpforms-field-phone\" data-field-id=\"5\"><label class=\"wpforms-field-label\" for=\"wpforms-28330-field_5\">Ihre Telefonnummer <span class=\"wpforms-required-label\">*<\/span><\/label><input type=\"tel\" id=\"wpforms-28330-field_5\" class=\"wpforms-field-medium wpforms-field-required wpforms-smart-phone-field\" data-rule-smart-phone-field=\"true\" name=\"wpforms[fields][5]\" required><\/div><div id=\"wpforms-28330-field_7-container\" class=\"wpforms-field wpforms-field-select wpforms-field-select-style-classic\" data-field-id=\"7\"><label class=\"wpforms-field-label\" for=\"wpforms-28330-field_7\">Befestigungsmethode f\u00fcr die et-Serie<\/label><select id=\"wpforms-28330-field_7\" class=\"wpforms-field-medium\" name=\"wpforms[fields][7]\"><option value=\"Kamin Installation\" >Kamin Installation<\/option><option value=\"Abzugshaube Installation\" >Abzugshaube Installation<\/option><option value=\"Abluft Installation\" >Abluft Installation<\/option><\/select><\/div><div id=\"wpforms-28330-field_8-container\" class=\"wpforms-field wpforms-field-textarea\" data-field-id=\"8\"><label class=\"wpforms-field-label\" for=\"wpforms-28330-field_8\">Ihre Nachricht<\/label><textarea id=\"wpforms-28330-field_8\" class=\"wpforms-field-medium\" name=\"wpforms[fields][8]\" ><\/textarea><\/div><\/div><\/div><\/div><\/div><div class=\"wpforms-recaptcha-container wpforms-is-recaptcha\"><div class=\"g-recaptcha\" data-sitekey=\"6LdWaI4pAAAAAGF8p5szuWC9D1U9YICHDwJc_Dhg\"><\/div><input type=\"text\" name=\"g-recaptcha-hidden\" class=\"wpforms-recaptcha-hidden\" style=\"position:absolute!important;clip:rect(0,0,0,0)!important;height:1px!important;width:1px!important;border:0!important;overflow:hidden!important;padding:0!important;margin:0!important;\" required><\/div><div class=\"wpforms-submit-container\"><input type=\"hidden\" name=\"wpforms[id]\" value=\"28330\"><input type=\"hidden\" name=\"wpforms[author]\" value=\"1\"><button type=\"submit\" name=\"wpforms[submit]\" id=\"wpforms-submit-28330\" class=\"wpforms-submit\" data-alt-text=\"Sending\u2026\" data-submit-text=\"Senden\" aria-live=\"assertive\" value=\"wpforms-submit\">Senden<\/button><img decoding=\"async\" src=\"https:\/\/www.etnatherm.com\/wp-content\/plugins\/wpforms\/assets\/images\/submit-spin.svg\" class=\"wpforms-submit-spinner\" style=\"display: none;\" width=\"26\" height=\"26\" alt=\"Y\u00fckleniyor\"><\/div><\/form><\/div>  <!-- .wpforms-container -->\n<\/div>\n<\/div>\n<\/div>\n<\/div>\n<\/div>\n<\/div>\n<div class=\"vc_separator wpb_content_element vc_separator_align_center vc_sep_width_100 vc_sep_pos_align_center vc_separator_no_text vc_sep_color_grey\"><\/div>\n<\/div>\n<\/div>\n<\/div>\n<\/div>\n<\/div>\n<\/section>\n","protected":false},"excerpt":{"rendered":"<p><strong>\u00dcr\u00fcn A\u00e7\u0131klamas\u0131<\/strong><\/p>\n<div class=\"split-unit lqd-lines lqd-unit-animation-done\"><span class=\"split-inner\">S\u0131cakl\u0131\u011f\u0131 d\u00fczenlemek i\u00e7in kullan\u0131l\u0131r <\/span><span class=\"split-inner\">f\u0131r\u0131ndan ka\u00e7an gaz\u0131n, <\/span><span class=\"split-inner\">havaland\u0131rma kanal\u0131na ba\u011fl\u0131 olan <\/span><span class=\"split-inner\">havaland\u0131rma kanal\u0131na ba\u011fl\u0131.<\/span><\/div>\n","protected":false},"featured_media":28753,"comment_status":"open","ping_status":"closed","template":"","meta":[],"product_cat":[70],"product_tag":[],"class_list":{"0":"post-28752","1":"product","2":"type-product","3":"status-publish","4":"has-post-thumbnail","6":"product_cat-ueruene","8":"first","9":"instock","10":"shipping-taxable","11":"product-type-simple"},"_links":{"self":[{"href":"https:\/\/www.etnatherm.com\/tr\/wp-json\/wp\/v2\/product\/28752","targetHints":{"allow":["GET"]}}],"collection":[{"href":"https:\/\/www.etnatherm.com\/tr\/wp-json\/wp\/v2\/product"}],"about":[{"href":"https:\/\/www.etnatherm.com\/tr\/wp-json\/wp\/v2\/types\/product"}],"replies":[{"embeddable":true,"href":"https:\/\/www.etnatherm.com\/tr\/wp-json\/wp\/v2\/comments?post=28752"}],"wp:featuredmedia":[{"embeddable":true,"href":"https:\/\/www.etnatherm.com\/tr\/wp-json\/wp\/v2\/media\/28753"}],"wp:attachment":[{"href":"https:\/\/www.etnatherm.com\/tr\/wp-json\/wp\/v2\/media?parent=28752"}],"wp:term":[{"taxonomy":"product_cat","embeddable":true,"href":"https:\/\/www.etnatherm.com\/tr\/wp-json\/wp\/v2\/product_cat?post=28752"},{"taxonomy":"product_tag","embeddable":true,"href":"https:\/\/www.etnatherm.com\/tr\/wp-json\/wp\/v2\/product_tag?post=28752"}],"curies":[{"name":"wp","href":"https:\/\/api.w.org\/{rel}","templated":true}]}}