{"id":28748,"date":"2023-10-23T09:41:04","date_gmt":"2023-10-23T09:41:04","guid":{"rendered":"https:\/\/www.etnatherm.com\/product\/kuerek\/"},"modified":"2023-10-23T09:41:04","modified_gmt":"2023-10-23T09:41:04","slug":"kuerek","status":"publish","type":"product","link":"https:\/\/www.etnatherm.com\/tr\/urun\/kuerek\/","title":{"rendered":"K\u00fcrek"},"content":{"rendered":"<p><strong>Teknik \u00f6zellikler<\/strong><\/p>\n<table>\n<thead>\n<tr>\n<th>Malzeme<\/th>\n<th>A\u011f\u0131rl\u0131k<\/th>\n<th>Uzunluk<\/th>\n<\/tr>\n<\/thead>\n<tbody>\n<tr>\n<td>Galvanizli \u00e7elik<\/td>\n<td>0,5 kg<\/td>\n<td>660 mm<\/td>\n<\/tr>\n<\/tbody>\n<\/table>\n<div class=\"wpforms-container wpforms-container-full\" id=\"wpforms-28330\"><form id=\"wpforms-form-28330\" class=\"wpforms-validate wpforms-form wpforms-ajax-form\" data-formid=\"28330\" method=\"post\" enctype=\"multipart\/form-data\" action=\"\/tr\/wp-json\/wp\/v2\/product\/28748\" data-token=\"fe4f935b2ca6b18b5c62ac39cb746e27\"><noscript class=\"wpforms-error-noscript\">Bu formu bitirebilmek i\u00e7in taray\u0131c\u0131n\u0131zda JavaScript&#039;i etkinle\u015ftirin.<\/noscript><div class=\"wpforms-field-container\"><div id=\"wpforms-28330-field_1-container\" class=\"wpforms-field wpforms-field-layout\" data-field-id=\"1\"><label class=\"wpforms-field-label wpforms-label-hide\" for=\"wpforms-28330-field_1\">Layout<\/label><div class=\"wpforms-field-layout-columns wpforms-field-layout-preset-50-50\"><div class=\"wpforms-layout-column wpforms-layout-column-50\"><div id=\"wpforms-28330-field_2-container\" class=\"wpforms-field wpforms-field-name\" data-field-id=\"2\"><label class=\"wpforms-field-label\" for=\"wpforms-28330-field_2\">Ihr Name<\/label><input type=\"text\" id=\"wpforms-28330-field_2\" class=\"wpforms-field-medium\" name=\"wpforms[fields][2]\" ><\/div><div id=\"wpforms-28330-field_4-container\" class=\"wpforms-field wpforms-field-email\" data-field-id=\"4\"><label class=\"wpforms-field-label\" for=\"wpforms-28330-field_4\">Ihre E-Mail Adresse <span class=\"wpforms-required-label\">*<\/span><\/label><input type=\"email\" id=\"wpforms-28330-field_4\" class=\"wpforms-field-medium wpforms-field-required\" name=\"wpforms[fields][4]\" required><\/div><div id=\"wpforms-28330-field_6-container\" class=\"wpforms-field wpforms-field-text\" data-field-id=\"6\"><label class=\"wpforms-field-label\" for=\"wpforms-28330-field_6\">Stadt\/Land<\/label><input type=\"text\" id=\"wpforms-28330-field_6\" class=\"wpforms-field-medium\" name=\"wpforms[fields][6]\" ><\/div><div id=\"wpforms-28330-field_9-container\" class=\"wpforms-field wpforms-field-payment-checkbox\" data-field-id=\"9\"><label class=\"wpforms-field-label\" for=\"wpforms-28330-field_9\">Andere Produkte, an denen Sie interessiert sind<\/label><ul id=\"wpforms-28330-field_9\"><li class=\"choice-3\"><input type=\"checkbox\" id=\"wpforms-28330-field_9_3\" class=\"wpforms-payment-price\" data-amount=\"0.00\" name=\"wpforms[fields][9][]\" value=\"3\"  ><label class=\"wpforms-field-label-inline\" for=\"wpforms-28330-field_9_3\">ET \u2013 Series<\/label><\/li><li class=\"choice-4\"><input type=\"checkbox\" id=\"wpforms-28330-field_9_4\" class=\"wpforms-payment-price\" data-amount=\"0.00\" name=\"wpforms[fields][9][]\" value=\"4\"  ><label class=\"wpforms-field-label-inline\" for=\"wpforms-28330-field_9_4\">Temperatur\u00fcberwachung<\/label><\/li><li class=\"choice-5\"><input type=\"checkbox\" id=\"wpforms-28330-field_9_5\" class=\"wpforms-payment-price\" data-amount=\"0.00\" name=\"wpforms[fields][9][]\" value=\"5\"  ><label class=\"wpforms-field-label-inline\" for=\"wpforms-28330-field_9_5\">Motorisiertes Absaugsystem<\/label><\/li><li class=\"choice-6\"><input type=\"checkbox\" id=\"wpforms-28330-field_9_6\" class=\"wpforms-payment-price\" data-amount=\"0.00\" name=\"wpforms[fields][9][]\" value=\"6\"  ><label class=\"wpforms-field-label-inline\" for=\"wpforms-28330-field_9_6\">Schaufel<\/label><\/li><li class=\"choice-7\"><input type=\"checkbox\" id=\"wpforms-28330-field_9_7\" class=\"wpforms-payment-price\" data-amount=\"0.00\" name=\"wpforms[fields][9][]\" value=\"7\"  ><label class=\"wpforms-field-label-inline\" for=\"wpforms-28330-field_9_7\">Gussrost<\/label><\/li><\/ul><\/div><\/div><div class=\"wpforms-layout-column wpforms-layout-column-50\"><div id=\"wpforms-28330-field_3-container\" class=\"wpforms-field wpforms-field-name\" data-field-id=\"3\"><label class=\"wpforms-field-label\" for=\"wpforms-28330-field_3\">Firmenname<\/label><input type=\"text\" id=\"wpforms-28330-field_3\" class=\"wpforms-field-medium\" name=\"wpforms[fields][3]\" ><\/div><div id=\"wpforms-28330-field_5-container\" class=\"wpforms-field wpforms-field-phone\" data-field-id=\"5\"><label class=\"wpforms-field-label\" for=\"wpforms-28330-field_5\">Ihre Telefonnummer <span class=\"wpforms-required-label\">*<\/span><\/label><input type=\"tel\" id=\"wpforms-28330-field_5\" class=\"wpforms-field-medium wpforms-field-required wpforms-smart-phone-field\" data-rule-smart-phone-field=\"true\" name=\"wpforms[fields][5]\" required><\/div><div id=\"wpforms-28330-field_7-container\" class=\"wpforms-field wpforms-field-select wpforms-field-select-style-classic\" data-field-id=\"7\"><label class=\"wpforms-field-label\" for=\"wpforms-28330-field_7\">Befestigungsmethode f\u00fcr die et-Serie<\/label><select id=\"wpforms-28330-field_7\" class=\"wpforms-field-medium\" name=\"wpforms[fields][7]\"><option value=\"Kamin Installation\" >Kamin Installation<\/option><option value=\"Abzugshaube Installation\" >Abzugshaube Installation<\/option><option value=\"Abluft Installation\" >Abluft Installation<\/option><\/select><\/div><div id=\"wpforms-28330-field_8-container\" class=\"wpforms-field wpforms-field-textarea\" data-field-id=\"8\"><label class=\"wpforms-field-label\" for=\"wpforms-28330-field_8\">Ihre Nachricht<\/label><textarea id=\"wpforms-28330-field_8\" class=\"wpforms-field-medium\" name=\"wpforms[fields][8]\" ><\/textarea><\/div><\/div><\/div><\/div><\/div><div class=\"wpforms-recaptcha-container wpforms-is-recaptcha\"><div class=\"g-recaptcha\" data-sitekey=\"6LdWaI4pAAAAAGF8p5szuWC9D1U9YICHDwJc_Dhg\"><\/div><input type=\"text\" name=\"g-recaptcha-hidden\" class=\"wpforms-recaptcha-hidden\" style=\"position:absolute!important;clip:rect(0,0,0,0)!important;height:1px!important;width:1px!important;border:0!important;overflow:hidden!important;padding:0!important;margin:0!important;\" required><\/div><div class=\"wpforms-submit-container\"><input type=\"hidden\" name=\"wpforms[id]\" value=\"28330\"><input type=\"hidden\" name=\"wpforms[author]\" value=\"1\"><button type=\"submit\" name=\"wpforms[submit]\" id=\"wpforms-submit-28330\" class=\"wpforms-submit\" data-alt-text=\"Sending\u2026\" data-submit-text=\"Senden\" aria-live=\"assertive\" value=\"wpforms-submit\">Senden<\/button><img decoding=\"async\" src=\"https:\/\/www.etnatherm.com\/wp-content\/plugins\/wpforms\/assets\/images\/submit-spin.svg\" class=\"wpforms-submit-spinner\" style=\"display: none;\" width=\"26\" height=\"26\" alt=\"Y\u00fckleniyor\"><\/div><\/form><\/div>  <!-- .wpforms-container -->\n","protected":false},"excerpt":{"rendered":"<h1 class=\"iconbox-icon-wrap\">K\u00fcrek<\/h1>\n<p class=\"font-weight-semibold\">T\u00fcm elektrikli ve elektronik bile\u015fenler i\u00e7in 1 y\u0131l.<\/p>\n","protected":false},"featured_media":28749,"comment_status":"open","ping_status":"closed","template":"","meta":[],"product_cat":[70],"product_tag":[],"class_list":{"0":"post-28748","1":"product","2":"type-product","3":"status-publish","4":"has-post-thumbnail","6":"product_cat-ueruene","8":"first","9":"instock","10":"shipping-taxable","11":"product-type-simple"},"_links":{"self":[{"href":"https:\/\/www.etnatherm.com\/tr\/wp-json\/wp\/v2\/product\/28748","targetHints":{"allow":["GET"]}}],"collection":[{"href":"https:\/\/www.etnatherm.com\/tr\/wp-json\/wp\/v2\/product"}],"about":[{"href":"https:\/\/www.etnatherm.com\/tr\/wp-json\/wp\/v2\/types\/product"}],"replies":[{"embeddable":true,"href":"https:\/\/www.etnatherm.com\/tr\/wp-json\/wp\/v2\/comments?post=28748"}],"wp:featuredmedia":[{"embeddable":true,"href":"https:\/\/www.etnatherm.com\/tr\/wp-json\/wp\/v2\/media\/28749"}],"wp:attachment":[{"href":"https:\/\/www.etnatherm.com\/tr\/wp-json\/wp\/v2\/media?parent=28748"}],"wp:term":[{"taxonomy":"product_cat","embeddable":true,"href":"https:\/\/www.etnatherm.com\/tr\/wp-json\/wp\/v2\/product_cat?post=28748"},{"taxonomy":"product_tag","embeddable":true,"href":"https:\/\/www.etnatherm.com\/tr\/wp-json\/wp\/v2\/product_tag?post=28748"}],"curies":[{"name":"wp","href":"https:\/\/api.w.org\/{rel}","templated":true}]}}