{"id":28747,"date":"2023-10-23T08:30:31","date_gmt":"2023-10-23T08:30:31","guid":{"rendered":"https:\/\/www.etnatherm.com\/product\/et-series\/"},"modified":"2024-11-12T09:07:27","modified_gmt":"2024-11-12T09:07:27","slug":"et-series","status":"publish","type":"product","link":"https:\/\/www.etnatherm.com\/en\/product\/et-series\/","title":{"rendered":"ET Series"},"content":{"rendered":"<p><!-- \u00dcr\u00fcn A\u00e7\u0131klamas\u0131, Teknik \u00d6zellikler, \u0130nstallasyon Bilgileri ve G\u00f6rsel HTML Kodu --><\/p>\n<div class=\"responsive-container\">\n<div class=\"responsive-product-description\">\n<h2>ETNATHERM CHARCOAL STOVE FOR SHISHA BAR<\/h2>\n<p>The oven can not get hot from the outside. There is no danger to employees. The exhaust gas temperature does not exceed the 60 degree mark.<\/p>\n<p>The furnace must be located under an exhaust system.<\/p>\n<p>1 year on all electrical and electronic components.<\/p>\n<p><a href=\"http:\/\/www.etnatherm.com\/wp-content\/uploads\/2024\/01\/2023.02.10-BEDIENUNGSANLEITUNG-ETNATHERM-V1.3-DE_.pdf\"><img decoding=\"async\" class=\"alignnone wp-image-28443\" src=\"http:\/\/www.etnatherm.com\/wp-content\/uploads\/2023\/10\/PDF_file_icon.svg_-244x300.png\" alt=\"\" width=\"58\" height=\"71\" srcset=\"https:\/\/www.etnatherm.com\/wp-content\/uploads\/2023\/10\/PDF_file_icon.svg_-244x300.png 244w, https:\/\/www.etnatherm.com\/wp-content\/uploads\/2023\/10\/PDF_file_icon.svg_-834x1024.png 834w, https:\/\/www.etnatherm.com\/wp-content\/uploads\/2023\/10\/PDF_file_icon.svg_-768x943.png 768w, https:\/\/www.etnatherm.com\/wp-content\/uploads\/2023\/10\/PDF_file_icon.svg_-600x737.png 600w, https:\/\/www.etnatherm.com\/wp-content\/uploads\/2023\/10\/PDF_file_icon.svg_.png 1200w\" sizes=\"(max-width: 58px) 100vw, 58px\" \/> Instruction manual<\/a><\/p>\n<\/div>\n<div class=\"responsive-product-details\">\n<h3>Technical specifications<\/h3>\n<table class=\"spec-table\">\n<tbody>\n<tr>\n<th>Special feature<\/th>\n<th>Value<\/th>\n<\/tr>\n<tr>\n<td>Manufacturer<\/td>\n<td>ETNA Therm<\/td>\n<\/tr>\n<tr>\n<td>Model<\/td>\n<td>ET2009L<\/td>\n<\/tr>\n<tr>\n<td>Max. Temperature<\/td>\n<td>approx. 800\u00b0C<\/td>\n<\/tr>\n<tr>\n<td>Performance<\/td>\n<td>2200 W<\/td>\n<\/tr>\n<tr>\n<td>Connected load<\/td>\n<td>230 V~AC, ~10A<\/td>\n<\/tr>\n<tr>\n<td>External dimensions (mm) HxWxD<\/td>\n<td>480 x 520 x 450<\/td>\n<\/tr>\n<tr>\n<td>Interior (mm) HxWxD<\/td>\n<td>200 x 150 x 275<\/td>\n<\/tr>\n<tr>\n<td>Net weight<\/td>\n<td>approx. 55kg<\/td>\n<\/tr>\n<tr>\n<td>Test mark<\/td>\n<td>T\u00dcV S\u00dcD<\/td>\n<\/tr>\n<tr>\n<td>Heating element<\/td>\n<td>Heating wire<\/td>\n<\/tr>\n<tr>\n<td>Temperature controller<\/td>\n<td>PID automatic control and manual function<\/td>\n<\/tr>\n<tr>\n<td>Switching on and off<\/td>\n<td>Automatic and manual<\/td>\n<\/tr>\n<\/tbody>\n<\/table>\n<p>&nbsp;<\/p>\n<p><em>Options for ET series chimney installation :<\/em><\/p>\n<\/div>\n<div id=\"etseriesinstallation\" class=\"responsive-installation-info\">\n<h3>Installation information<\/h3>\n<p>1. CHIMNEY INSTALLATION or PIPE LAYING<\/p>\n<p>For the detailed instructions click <a href=\"https:\/\/www.etnatherm.com\/wp-content\/uploads\/2024\/11\/KAMIN-INSTALLATION-4.11.2024.pdf\">here<\/a>.<\/p>\n<p>If you have any questions regarding the installations, please feel free to contact us at any time.<\/p>\n<p><img fetchpriority=\"high\" decoding=\"async\" class=\"wp-image-28320 size-medium\" src=\"http:\/\/www.etnatherm.com\/wp-content\/uploads\/2023\/10\/KAMIN-INSTALLATION-e1701177191480-210x300.jpg\" alt=\"CHIMNEY INSTALLATION\" width=\"210\" height=\"300\" srcset=\"https:\/\/www.etnatherm.com\/wp-content\/uploads\/2023\/10\/KAMIN-INSTALLATION-e1701177191480-210x300.jpg 210w, https:\/\/www.etnatherm.com\/wp-content\/uploads\/2023\/10\/KAMIN-INSTALLATION-e1701177191480.jpg 541w\" sizes=\"(max-width: 210px) 100vw, 210px\" \/><\/p>\n<\/div>\n<div class=\"responsive-image\"><\/div>\n<div>\n<p>2. FUME HOOD &#8211; INSTALLATION<\/p>\n<p>For the detailed instructions click here.<\/p>\n<p>If you have any questions regarding the installations, please feel free to contact us at any time.<\/p>\n<\/div>\n<\/div>\n<div class=\"responsive-container\">\n<div>\n<p><img decoding=\"async\" class=\" wp-image-28321\" src=\"http:\/\/www.etnatherm.com\/wp-content\/uploads\/2023\/10\/ABZUGSHAUBE-133x300.jpg\" alt=\"EXTRACTOR HOOD\" width=\"151\" height=\"341\" srcset=\"https:\/\/www.etnatherm.com\/wp-content\/uploads\/2023\/10\/ABZUGSHAUBE-133x300.jpg 133w, https:\/\/www.etnatherm.com\/wp-content\/uploads\/2023\/10\/ABZUGSHAUBE.jpg 373w\" sizes=\"(max-width: 151px) 100vw, 151px\" \/><\/p>\n<\/div>\n<\/div>\n<p>&nbsp;<\/p>\n<p>3. EXHAUST AIR &#8211; INSTALLATION<\/p>\n<div class=\"responsive-container\">\n<p>For the detailed instructions click here.<\/p>\n<p>If you have any questions regarding the installations, please feel free to contact us at any time.<\/p>\n<p><img loading=\"lazy\" decoding=\"async\" class=\"size-medium wp-image-28322\" src=\"http:\/\/www.etnatherm.com\/wp-content\/uploads\/2023\/10\/LUFTUNG-INSTALLATION-300x284.jpg\" alt=\"\" width=\"300\" height=\"284\" srcset=\"https:\/\/www.etnatherm.com\/wp-content\/uploads\/2023\/10\/LUFTUNG-INSTALLATION-300x284.jpg 300w, https:\/\/www.etnatherm.com\/wp-content\/uploads\/2023\/10\/LUFTUNG-INSTALLATION-768x726.jpg 768w, https:\/\/www.etnatherm.com\/wp-content\/uploads\/2023\/10\/LUFTUNG-INSTALLATION-600x567.jpg 600w, https:\/\/www.etnatherm.com\/wp-content\/uploads\/2023\/10\/LUFTUNG-INSTALLATION.jpg 910w\" sizes=\"(max-width: 300px) 100vw, 300px\" \/><\/p>\n<\/div>\n<div class=\"wpforms-container wpforms-container-full\" id=\"wpforms-28330\"><form id=\"wpforms-form-28330\" class=\"wpforms-validate wpforms-form wpforms-ajax-form\" data-formid=\"28330\" method=\"post\" enctype=\"multipart\/form-data\" action=\"\/en\/wp-json\/wp\/v2\/product\/28747\" data-token=\"5fe694b8584f3dedf9e19003b1e19dd9\"><noscript class=\"wpforms-error-noscript\">Please enable JavaScript in your browser to complete this form.<\/noscript><div class=\"wpforms-field-container\"><div id=\"wpforms-28330-field_1-container\" class=\"wpforms-field wpforms-field-layout\" data-field-id=\"1\"><label class=\"wpforms-field-label wpforms-label-hide\" for=\"wpforms-28330-field_1\">Layout<\/label><div class=\"wpforms-field-layout-columns wpforms-field-layout-preset-50-50\"><div class=\"wpforms-layout-column wpforms-layout-column-50\"><div id=\"wpforms-28330-field_2-container\" class=\"wpforms-field wpforms-field-name\" data-field-id=\"2\"><label class=\"wpforms-field-label\" for=\"wpforms-28330-field_2\">Ihr Name<\/label><input type=\"text\" id=\"wpforms-28330-field_2\" class=\"wpforms-field-medium\" name=\"wpforms[fields][2]\" ><\/div><div id=\"wpforms-28330-field_4-container\" class=\"wpforms-field wpforms-field-email\" data-field-id=\"4\"><label class=\"wpforms-field-label\" for=\"wpforms-28330-field_4\">Ihre E-Mail Adresse <span class=\"wpforms-required-label\">*<\/span><\/label><input type=\"email\" id=\"wpforms-28330-field_4\" class=\"wpforms-field-medium wpforms-field-required\" name=\"wpforms[fields][4]\" required><\/div><div id=\"wpforms-28330-field_6-container\" class=\"wpforms-field wpforms-field-text\" data-field-id=\"6\"><label class=\"wpforms-field-label\" for=\"wpforms-28330-field_6\">Stadt\/Land<\/label><input type=\"text\" id=\"wpforms-28330-field_6\" class=\"wpforms-field-medium\" name=\"wpforms[fields][6]\" ><\/div><div id=\"wpforms-28330-field_9-container\" class=\"wpforms-field wpforms-field-payment-checkbox\" data-field-id=\"9\"><label class=\"wpforms-field-label\" for=\"wpforms-28330-field_9\">Andere Produkte, an denen Sie interessiert sind<\/label><ul id=\"wpforms-28330-field_9\"><li class=\"choice-3\"><input type=\"checkbox\" id=\"wpforms-28330-field_9_3\" class=\"wpforms-payment-price\" data-amount=\"0.00\" name=\"wpforms[fields][9][]\" value=\"3\"  ><label class=\"wpforms-field-label-inline\" for=\"wpforms-28330-field_9_3\">ET \u2013 Series<\/label><\/li><li class=\"choice-4\"><input type=\"checkbox\" id=\"wpforms-28330-field_9_4\" class=\"wpforms-payment-price\" data-amount=\"0.00\" name=\"wpforms[fields][9][]\" value=\"4\"  ><label class=\"wpforms-field-label-inline\" for=\"wpforms-28330-field_9_4\">Temperatur\u00fcberwachung<\/label><\/li><li class=\"choice-5\"><input type=\"checkbox\" id=\"wpforms-28330-field_9_5\" class=\"wpforms-payment-price\" data-amount=\"0.00\" name=\"wpforms[fields][9][]\" value=\"5\"  ><label class=\"wpforms-field-label-inline\" for=\"wpforms-28330-field_9_5\">Motorisiertes Absaugsystem<\/label><\/li><li class=\"choice-6\"><input type=\"checkbox\" id=\"wpforms-28330-field_9_6\" class=\"wpforms-payment-price\" data-amount=\"0.00\" name=\"wpforms[fields][9][]\" value=\"6\"  ><label class=\"wpforms-field-label-inline\" for=\"wpforms-28330-field_9_6\">Schaufel<\/label><\/li><li class=\"choice-7\"><input type=\"checkbox\" id=\"wpforms-28330-field_9_7\" class=\"wpforms-payment-price\" data-amount=\"0.00\" name=\"wpforms[fields][9][]\" value=\"7\"  ><label class=\"wpforms-field-label-inline\" for=\"wpforms-28330-field_9_7\">Gussrost<\/label><\/li><\/ul><\/div><\/div><div class=\"wpforms-layout-column wpforms-layout-column-50\"><div id=\"wpforms-28330-field_3-container\" class=\"wpforms-field wpforms-field-name\" data-field-id=\"3\"><label class=\"wpforms-field-label\" for=\"wpforms-28330-field_3\">Firmenname<\/label><input type=\"text\" id=\"wpforms-28330-field_3\" class=\"wpforms-field-medium\" name=\"wpforms[fields][3]\" ><\/div><div id=\"wpforms-28330-field_5-container\" class=\"wpforms-field wpforms-field-phone\" data-field-id=\"5\"><label class=\"wpforms-field-label\" for=\"wpforms-28330-field_5\">Ihre Telefonnummer <span class=\"wpforms-required-label\">*<\/span><\/label><input type=\"tel\" id=\"wpforms-28330-field_5\" class=\"wpforms-field-medium wpforms-field-required wpforms-smart-phone-field\" data-rule-smart-phone-field=\"true\" name=\"wpforms[fields][5]\" required><\/div><div id=\"wpforms-28330-field_7-container\" class=\"wpforms-field wpforms-field-select wpforms-field-select-style-classic\" data-field-id=\"7\"><label class=\"wpforms-field-label\" for=\"wpforms-28330-field_7\">Befestigungsmethode f\u00fcr die et-Serie<\/label><select id=\"wpforms-28330-field_7\" class=\"wpforms-field-medium\" name=\"wpforms[fields][7]\"><option value=\"Kamin Installation\" >Kamin Installation<\/option><option value=\"Abzugshaube Installation\" >Abzugshaube Installation<\/option><option value=\"Abluft Installation\" >Abluft Installation<\/option><\/select><\/div><div id=\"wpforms-28330-field_8-container\" class=\"wpforms-field wpforms-field-textarea\" data-field-id=\"8\"><label class=\"wpforms-field-label\" for=\"wpforms-28330-field_8\">Ihre Nachricht<\/label><textarea id=\"wpforms-28330-field_8\" class=\"wpforms-field-medium\" name=\"wpforms[fields][8]\" ><\/textarea><\/div><\/div><\/div><\/div><\/div><div class=\"wpforms-recaptcha-container wpforms-is-recaptcha\"><div class=\"g-recaptcha\" data-sitekey=\"6LdWaI4pAAAAAGF8p5szuWC9D1U9YICHDwJc_Dhg\"><\/div><input type=\"text\" name=\"g-recaptcha-hidden\" class=\"wpforms-recaptcha-hidden\" style=\"position:absolute!important;clip:rect(0,0,0,0)!important;height:1px!important;width:1px!important;border:0!important;overflow:hidden!important;padding:0!important;margin:0!important;\" required><\/div><div class=\"wpforms-submit-container\"><input type=\"hidden\" name=\"wpforms[id]\" value=\"28330\"><input type=\"hidden\" name=\"wpforms[author]\" value=\"1\"><button type=\"submit\" name=\"wpforms[submit]\" id=\"wpforms-submit-28330\" class=\"wpforms-submit\" data-alt-text=\"Sending\u2026\" data-submit-text=\"Senden\" aria-live=\"assertive\" value=\"wpforms-submit\">Senden<\/button><img loading=\"lazy\" decoding=\"async\" src=\"https:\/\/www.etnatherm.com\/wp-content\/plugins\/wpforms\/assets\/images\/submit-spin.svg\" class=\"wpforms-submit-spinner\" style=\"display: none;\" width=\"26\" height=\"26\" alt=\"Loading\"><\/div><\/form><\/div>  <!-- .wpforms-container -->\n","protected":false},"excerpt":{"rendered":"<p>ET Series<\/p>\n<h2>Product description<\/h2>\n<p>ETNATHERM COAL STOVE FOR SHISHA BAR EtnaTherm is a programmable charcoal stove for natural shisha charcoal and is ideal for getting natural charcoal glowing within minutes. This coal furnace is heated only electrically. This is not a commercial oven.<\/p>\n","protected":false},"featured_media":28567,"comment_status":"open","ping_status":"closed","template":"","meta":[],"product_cat":[60],"product_tag":[],"class_list":{"0":"post-28747","1":"product","2":"type-product","3":"status-publish","4":"has-post-thumbnail","6":"product_cat-to-the-product","8":"first","9":"instock","10":"shipping-taxable","11":"product-type-simple"},"_links":{"self":[{"href":"https:\/\/www.etnatherm.com\/en\/wp-json\/wp\/v2\/product\/28747","targetHints":{"allow":["GET"]}}],"collection":[{"href":"https:\/\/www.etnatherm.com\/en\/wp-json\/wp\/v2\/product"}],"about":[{"href":"https:\/\/www.etnatherm.com\/en\/wp-json\/wp\/v2\/types\/product"}],"replies":[{"embeddable":true,"href":"https:\/\/www.etnatherm.com\/en\/wp-json\/wp\/v2\/comments?post=28747"}],"wp:featuredmedia":[{"embeddable":true,"href":"https:\/\/www.etnatherm.com\/en\/wp-json\/wp\/v2\/media\/28567"}],"wp:attachment":[{"href":"https:\/\/www.etnatherm.com\/en\/wp-json\/wp\/v2\/media?parent=28747"}],"wp:term":[{"taxonomy":"product_cat","embeddable":true,"href":"https:\/\/www.etnatherm.com\/en\/wp-json\/wp\/v2\/product_cat?post=28747"},{"taxonomy":"product_tag","embeddable":true,"href":"https:\/\/www.etnatherm.com\/en\/wp-json\/wp\/v2\/product_tag?post=28747"}],"curies":[{"name":"wp","href":"https:\/\/api.w.org\/{rel}","templated":true}]}}